{"id":183,"date":"2025-04-17T11:04:41","date_gmt":"2025-04-17T11:04:41","guid":{"rendered":"https:\/\/lightpink-hornet-302504.hostingersite.com\/?page_id=183"},"modified":"2025-11-01T10:31:56","modified_gmt":"2025-11-01T10:31:56","slug":"blog","status":"publish","type":"page","link":"https:\/\/gobi.rent\/tr\/blog\/","title":{"rendered":"Blog"},"content":{"rendered":"<div data-elementor-type=\"wp-page\" data-elementor-id=\"183\" class=\"elementor elementor-183\" data-elementor-post-type=\"page\">\n\t\t\t\t<div class=\"elementor-element elementor-element-e8ca1b1 e-flex e-con-boxed e-con e-parent\" data-id=\"e8ca1b1\" data-element_type=\"container\" data-e-type=\"container\" data-settings=\"{&quot;background_background&quot;:&quot;classic&quot;}\">\n\t\t\t\t\t<div class=\"e-con-inner\">\n\t\t\t\t\t<\/div>\n\t\t\t\t<\/div>\n\t\t<div class=\"elementor-element elementor-element-90feb73 e-flex e-con-boxed e-con e-parent\" data-id=\"90feb73\" data-element_type=\"container\" data-e-type=\"container\" data-settings=\"{&quot;background_background&quot;:&quot;classic&quot;}\">\n\t\t\t\t\t<div class=\"e-con-inner\">\n\t\t\t\t<div class=\"elementor-element elementor-element-d782c31 elementor-widget elementor-widget-heading\" data-id=\"d782c31\" data-element_type=\"widget\" data-e-type=\"widget\" data-widget_type=\"heading.default\">\n\t\t\t\t<div class=\"elementor-widget-container\">\n\t\t\t\t\t<h2 class=\"elementor-heading-title elementor-size-default\">Blogumuz<\/h2>\t\t\t\t<\/div>\n\t\t\t\t<\/div>\n\t\t\t\t\t<\/div>\n\t\t\t\t<\/div>\n\t\t<div class=\"elementor-element elementor-element-fd81f3b e-flex e-con-boxed e-con e-parent\" data-id=\"fd81f3b\" data-element_type=\"container\" data-e-type=\"container\">\n\t\t\t\t\t<div class=\"e-con-inner\">\n\t\t\t\t<div class=\"elementor-element elementor-element-d0170e0 elementor-grid-3 elementor-grid-tablet-2 elementor-grid-mobile-1 elementor-posts--thumbnail-top elementor-widget elementor-widget-posts\" data-id=\"d0170e0\" data-element_type=\"widget\" data-e-type=\"widget\" data-settings=\"{&quot;pagination_type&quot;:&quot;numbers_and_prev_next&quot;,&quot;classic_columns&quot;:&quot;3&quot;,&quot;classic_columns_tablet&quot;:&quot;2&quot;,&quot;classic_columns_mobile&quot;:&quot;1&quot;,&quot;classic_row_gap&quot;:{&quot;unit&quot;:&quot;px&quot;,&quot;size&quot;:35,&quot;sizes&quot;:[]},&quot;classic_row_gap_tablet&quot;:{&quot;unit&quot;:&quot;px&quot;,&quot;size&quot;:&quot;&quot;,&quot;sizes&quot;:[]},&quot;classic_row_gap_mobile&quot;:{&quot;unit&quot;:&quot;px&quot;,&quot;size&quot;:&quot;&quot;,&quot;sizes&quot;:[]}}\" data-widget_type=\"posts.classic\">\n\t\t\t\t<div class=\"elementor-widget-container\">\n\t\t\t\t\t\t\t<div class=\"elementor-posts-container elementor-posts elementor-posts--skin-classic elementor-grid\" role=\"list\">\n\t\t\t\t<article class=\"elementor-post elementor-grid-item post-1222 post type-post status-publish format-standard hentry category-travel-guide tag-gobi tag-private-tour tag-self-drive\" role=\"listitem\">\n\t\t\t\t<a class=\"elementor-post__thumbnail__link\" href=\"https:\/\/gobi.rent\/tr\/gobi%cc%87-colu-fi%cc%87zi%cc%87ksel-asya-meydan-okumalari\/\" tabindex=\"-1\">\n\t\t\t<div class=\"elementor-post__thumbnail\"><img fetchpriority=\"high\" decoding=\"async\" width=\"640\" height=\"480\" src=\"https:\/\/gobi.rent\/wp-content\/uploads\/2025\/11\/sddefault.jpg\" class=\"attachment-full size-full wp-image-1223\" alt=\"Fiziksel: Asya ekibi Mo\u011folistan sizde Mo\u011folistan&#039;a seyahat etme iste\u011fi uyand\u0131r\u0131yor mu?\" srcset=\"https:\/\/gobi.rent\/wp-content\/uploads\/2025\/11\/sddefault.jpg 640w, https:\/\/gobi.rent\/wp-content\/uploads\/2025\/11\/sddefault-300x225.jpg 300w, https:\/\/gobi.rent\/wp-content\/uploads\/2025\/11\/sddefault-16x12.jpg 16w\" sizes=\"(max-width: 640px) 100vw, 640px\" \/><\/div>\n\t\t<\/a>\n\t\t\t\t<div class=\"elementor-post__text\">\n\t\t\t\t<h3 class=\"elementor-post__title\">\n\t\t\t<a href=\"https:\/\/gobi.rent\/tr\/gobi%cc%87-colu-fi%cc%87zi%cc%87ksel-asya-meydan-okumalari\/\">\n\t\t\t\tGobi \u00c7\u00f6l\u00fc'nde Fiziksel Zorluklar\u0131n D\u0131\u015f\u0131nda Hissettiren 5 Fiziksel Zorluk: Asya\t\t\t<\/a>\n\t\t<\/h3>\n\t\t\t\t<div class=\"elementor-post__excerpt\">\n\t\t\t<p>Netflix sansasyonu Physical: Asia, zorlu fiziksel m\u00fccadeleler, dayan\u0131kl\u0131l\u0131k testleri ve fiziksel aktiviteler ile d\u00fcnya \u00e7ap\u0131nda izleyicileri b\u00fcy\u00fcledi.<\/p>\n\t\t<\/div>\n\t\t\t\t<\/div>\n\t\t\t\t<\/article>\n\t\t\t\t<article class=\"elementor-post elementor-grid-item post-1215 post type-post status-publish format-standard hentry category-travel-guide\" role=\"listitem\">\n\t\t\t\t<a class=\"elementor-post__thumbnail__link\" href=\"https:\/\/gobi.rent\/tr\/fi%cc%87zi%cc%87ksel-asya-mogoli%cc%87stan-macerasi\/\" tabindex=\"-1\">\n\t\t\t<div class=\"elementor-post__thumbnail\"><img decoding=\"async\" width=\"1920\" height=\"1280\" src=\"https:\/\/gobi.rent\/wp-content\/uploads\/2025\/11\/nomad-8213069_1920.jpg\" class=\"attachment-full size-full wp-image-1217\" alt=\"Gobi g\u00fc\u00e7l\u00fc Mo\u011follara ev sahipli\u011fi yap\u0131yor\" srcset=\"https:\/\/gobi.rent\/wp-content\/uploads\/2025\/11\/nomad-8213069_1920.jpg 1920w, https:\/\/gobi.rent\/wp-content\/uploads\/2025\/11\/nomad-8213069_1920-300x200.jpg 300w, https:\/\/gobi.rent\/wp-content\/uploads\/2025\/11\/nomad-8213069_1920-1024x683.jpg 1024w, https:\/\/gobi.rent\/wp-content\/uploads\/2025\/11\/nomad-8213069_1920-768x512.jpg 768w, https:\/\/gobi.rent\/wp-content\/uploads\/2025\/11\/nomad-8213069_1920-1536x1024.jpg 1536w, https:\/\/gobi.rent\/wp-content\/uploads\/2025\/11\/nomad-8213069_1920-18x12.jpg 18w\" sizes=\"(max-width: 1920px) 100vw, 1920px\" \/><\/div>\n\t\t<\/a>\n\t\t\t\t<div class=\"elementor-post__text\">\n\t\t\t\t<h3 class=\"elementor-post__title\">\n\t\t\t<a href=\"https:\/\/gobi.rent\/tr\/fi%cc%87zi%cc%87ksel-asya-mogoli%cc%87stan-macerasi\/\">\n\t\t\t\tNe Kadar Fiziksel: Asya Macera Ruhunu Yakal\u0131yor - Ve Mo\u011folistan Neden Ger\u00e7ek Ya\u015fam Arenas\u0131?\t\t\t<\/a>\n\t\t<\/h3>\n\t\t\t\t<div class=\"elementor-post__excerpt\">\n\t\t\t<p>Netflix, son y\u0131llarda reality yar\u0131\u015fma programlar\u0131nda devrim yaratarak insan dayan\u0131kl\u0131l\u0131\u011f\u0131n\u0131n s\u0131n\u0131rlar\u0131n\u0131 zorluyor<\/p>\n\t\t<\/div>\n\t\t\t\t<\/div>\n\t\t\t\t<\/article>\n\t\t\t\t<article class=\"elementor-post elementor-grid-item post-1210 post type-post status-publish format-standard hentry category-travel-guide\" role=\"listitem\">\n\t\t\t\t<a class=\"elementor-post__thumbnail__link\" href=\"https:\/\/gobi.rent\/tr\/mogol-yemek-restoranlari\/\" tabindex=\"-1\">\n\t\t\t<div class=\"elementor-post__thumbnail\"><img decoding=\"async\" width=\"2048\" height=\"1366\" src=\"https:\/\/gobi.rent\/wp-content\/uploads\/2025\/11\/Best-Mongolian-Restaurants.jpg\" class=\"attachment-full size-full wp-image-1211\" alt=\"En \u0130yi Mo\u011fol Restoranlar\u0131\" srcset=\"https:\/\/gobi.rent\/wp-content\/uploads\/2025\/11\/Best-Mongolian-Restaurants.jpg 2048w, https:\/\/gobi.rent\/wp-content\/uploads\/2025\/11\/Best-Mongolian-Restaurants-300x200.jpg 300w, https:\/\/gobi.rent\/wp-content\/uploads\/2025\/11\/Best-Mongolian-Restaurants-1024x683.jpg 1024w, https:\/\/gobi.rent\/wp-content\/uploads\/2025\/11\/Best-Mongolian-Restaurants-768x512.jpg 768w, https:\/\/gobi.rent\/wp-content\/uploads\/2025\/11\/Best-Mongolian-Restaurants-1536x1025.jpg 1536w, https:\/\/gobi.rent\/wp-content\/uploads\/2025\/11\/Best-Mongolian-Restaurants-18x12.jpg 18w\" sizes=\"(max-width: 2048px) 100vw, 2048px\" \/><\/div>\n\t\t<\/a>\n\t\t\t\t<div class=\"elementor-post__text\">\n\t\t\t\t<h3 class=\"elementor-post__title\">\n\t\t\t<a href=\"https:\/\/gobi.rent\/tr\/mogol-yemek-restoranlari\/\">\n\t\t\t\tUlanbator ve \u00d6tesindeki En \u0130yi 10 Mo\u011fol Yemek Restoran\u0131\t\t\t<\/a>\n\t\t<\/h3>\n\t\t\t\t<div class=\"elementor-post__excerpt\">\n\t\t\t<p>Giri\u015f: Mo\u011folistan'da Mutfak Yolculu\u011fu Mo\u011folistan'da yap\u0131lacak hi\u00e7bir yolculuk, Mo\u011folistan'\u0131 ke\u015ffetmeden tamamlanm\u0131\u015f say\u0131lmaz.<\/p>\n\t\t<\/div>\n\t\t\t\t<\/div>\n\t\t\t\t<\/article>\n\t\t\t\t<article class=\"elementor-post elementor-grid-item post-1201 post type-post status-publish format-standard hentry category-travel-guide\" role=\"listitem\">\n\t\t\t\t<a class=\"elementor-post__thumbnail__link\" href=\"https:\/\/gobi.rent\/tr\/mogol-mutfagi-rehberi%cc%87\/\" tabindex=\"-1\">\n\t\t\t<div class=\"elementor-post__thumbnail\"><img loading=\"lazy\" decoding=\"async\" width=\"2000\" height=\"1500\" src=\"https:\/\/gobi.rent\/wp-content\/uploads\/2025\/11\/tuguldur-baatar-FWFHxrn5OGA-unsplash-1.jpg\" class=\"attachment-full size-full wp-image-1203\" alt=\"Mo\u011fol mutfa\u011f\u0131\" srcset=\"https:\/\/gobi.rent\/wp-content\/uploads\/2025\/11\/tuguldur-baatar-FWFHxrn5OGA-unsplash-1.jpg 2000w, https:\/\/gobi.rent\/wp-content\/uploads\/2025\/11\/tuguldur-baatar-FWFHxrn5OGA-unsplash-1-300x225.jpg 300w, https:\/\/gobi.rent\/wp-content\/uploads\/2025\/11\/tuguldur-baatar-FWFHxrn5OGA-unsplash-1-1024x768.jpg 1024w, https:\/\/gobi.rent\/wp-content\/uploads\/2025\/11\/tuguldur-baatar-FWFHxrn5OGA-unsplash-1-768x576.jpg 768w, https:\/\/gobi.rent\/wp-content\/uploads\/2025\/11\/tuguldur-baatar-FWFHxrn5OGA-unsplash-1-1536x1152.jpg 1536w, https:\/\/gobi.rent\/wp-content\/uploads\/2025\/11\/tuguldur-baatar-FWFHxrn5OGA-unsplash-1-16x12.jpg 16w\" sizes=\"(max-width: 2000px) 100vw, 2000px\" \/><\/div>\n\t\t<\/a>\n\t\t\t\t<div class=\"elementor-post__text\">\n\t\t\t\t<h3 class=\"elementor-post__title\">\n\t\t\t<a href=\"https:\/\/gobi.rent\/tr\/mogol-mutfagi-rehberi%cc%87\/\">\n\t\t\t\tBozk\u0131r\u0131n Tad\u0131: Yolculu\u011funuzda Otantik Mo\u011fol Mutfa\u011f\u0131n\u0131 Ke\u015ffedin\t\t\t<\/a>\n\t\t<\/h3>\n\t\t\t\t<div class=\"elementor-post__excerpt\">\n\t\t\t<p>Mo\u011folistan n\u00fcfusunun 30%'sinden fazlas\u0131 hala g\u00f6\u00e7ebe veya yar\u0131 g\u00f6\u00e7ebe bir ya\u015fam tarz\u0131 s\u00fcrd\u00fcrmekte ve bu da Mo\u011fol geleneksel<\/p>\n\t\t<\/div>\n\t\t\t\t<\/div>\n\t\t\t\t<\/article>\n\t\t\t\t<article class=\"elementor-post elementor-grid-item post-1177 post type-post status-publish format-standard hentry category-travel-guide\" role=\"listitem\">\n\t\t\t\t<a class=\"elementor-post__thumbnail__link\" href=\"https:\/\/gobi.rent\/tr\/gobi%cc%87-muzesi%cc%87\/\" tabindex=\"-1\">\n\t\t\t<div class=\"elementor-post__thumbnail\"><img loading=\"lazy\" decoding=\"async\" width=\"2048\" height=\"1365\" src=\"https:\/\/gobi.rent\/wp-content\/uploads\/2025\/11\/282255828_5320900924634715_8831617575810867262_n.jpg\" class=\"attachment-full size-full wp-image-1178\" alt=\"Gobi m\u00fczesi dinozor fosilleri\" srcset=\"https:\/\/gobi.rent\/wp-content\/uploads\/2025\/11\/282255828_5320900924634715_8831617575810867262_n.jpg 2048w, https:\/\/gobi.rent\/wp-content\/uploads\/2025\/11\/282255828_5320900924634715_8831617575810867262_n-300x200.jpg 300w, https:\/\/gobi.rent\/wp-content\/uploads\/2025\/11\/282255828_5320900924634715_8831617575810867262_n-1024x683.jpg 1024w, https:\/\/gobi.rent\/wp-content\/uploads\/2025\/11\/282255828_5320900924634715_8831617575810867262_n-768x512.jpg 768w, https:\/\/gobi.rent\/wp-content\/uploads\/2025\/11\/282255828_5320900924634715_8831617575810867262_n-1536x1024.jpg 1536w, https:\/\/gobi.rent\/wp-content\/uploads\/2025\/11\/282255828_5320900924634715_8831617575810867262_n-18x12.jpg 18w\" sizes=\"(max-width: 2048px) 100vw, 2048px\" \/><\/div>\n\t\t<\/a>\n\t\t\t\t<div class=\"elementor-post__text\">\n\t\t\t\t<h3 class=\"elementor-post__title\">\n\t\t\t<a href=\"https:\/\/gobi.rent\/tr\/gobi%cc%87-muzesi%cc%87\/\">\n\t\t\t\tGobi Do\u011fa ve Tarih M\u00fczesi: Kendi Kendine Seyahat Edenler \u0130\u00e7in Gobi'de Mutlaka Ziyaret Edilmesi Gereken Bir M\u00fcze\t\t\t<\/a>\n\t\t<\/h3>\n\t\t\t\t<div class=\"elementor-post__excerpt\">\n\t\t\t<p>Dalanzadgad'da Mo\u011folistan'\u0131n Ya\u015fayan \u00c7\u00f6l Hikayesini Ke\u015ffedin Mo\u011folistan'\u0131n u\u00e7suz bucaks\u0131z g\u00fcney s\u0131n\u0131r\u0131n\u0131<\/p>\n\t\t<\/div>\n\t\t\t\t<\/div>\n\t\t\t\t<\/article>\n\t\t\t\t<article class=\"elementor-post elementor-grid-item post-883 post type-post status-publish format-standard hentry category-travel-guide\" role=\"listitem\">\n\t\t\t\t<a class=\"elementor-post__thumbnail__link\" href=\"https:\/\/gobi.rent\/tr\/gobi%cc%87ye-ki%cc%87mler-gi%cc%87tmeli%cc%87-ve-gi%cc%87tmemeli%cc%87\/\" tabindex=\"-1\">\n\t\t\t<div class=\"elementor-post__thumbnail\"><img loading=\"lazy\" decoding=\"async\" width=\"1600\" height=\"1067\" src=\"https:\/\/gobi.rent\/wp-content\/uploads\/2025\/11\/Landcruiser-250-interior.webp\" class=\"attachment-full size-full wp-image-1176\" alt=\"Gobi seyahat etmek i\u00e7in tehlikeli mi?\" srcset=\"https:\/\/gobi.rent\/wp-content\/uploads\/2025\/11\/Landcruiser-250-interior.webp 1600w, https:\/\/gobi.rent\/wp-content\/uploads\/2025\/11\/Landcruiser-250-interior-300x200.webp 300w, https:\/\/gobi.rent\/wp-content\/uploads\/2025\/11\/Landcruiser-250-interior-1024x683.webp 1024w, https:\/\/gobi.rent\/wp-content\/uploads\/2025\/11\/Landcruiser-250-interior-768x512.webp 768w, https:\/\/gobi.rent\/wp-content\/uploads\/2025\/11\/Landcruiser-250-interior-1536x1024.webp 1536w, https:\/\/gobi.rent\/wp-content\/uploads\/2025\/11\/Landcruiser-250-interior-18x12.webp 18w\" sizes=\"(max-width: 1600px) 100vw, 1600px\" \/><\/div>\n\t\t<\/a>\n\t\t\t\t<div class=\"elementor-post__text\">\n\t\t\t\t<h3 class=\"elementor-post__title\">\n\t\t\t<a href=\"https:\/\/gobi.rent\/tr\/gobi%cc%87ye-ki%cc%87mler-gi%cc%87tmeli%cc%87-ve-gi%cc%87tmemeli%cc%87\/\">\n\t\t\t\tGobi'ye kimler gitmeli, kimler gitmemeli\t\t\t<\/a>\n\t\t<\/h3>\n\t\t\t\t<div class=\"elementor-post__excerpt\">\n\t\t\t<p>Gobi'de kaybolacak m\u0131s\u0131n\u0131z? E\u011fer internete sorarsan\u0131z her t\u00fcrl\u00fc<\/p>\n\t\t<\/div>\n\t\t\t\t<\/div>\n\t\t\t\t<\/article>\n\t\t\t\t<\/div>\n\t\t\n\t\t\t\t<div class=\"e-load-more-anchor\" data-page=\"1\" data-max-page=\"5\" data-next-page=\"https:\/\/gobi.rent\/wp-json\/wp\/v2\/pages\/183\/page\/2\/\"><\/div>\n\t\t\t\t<nav class=\"elementor-pagination\" aria-label=\"Pagination\">\n\t\t\t<span class=\"page-numbers prev\">\u00ab \u00d6nceki<\/span>\n<span aria-current=\"page\" class=\"page-numbers current\"><span class=\"elementor-screen-only\">Page<\/span>1<\/span>\n<a class=\"page-numbers\" href=\"https:\/\/gobi.rent\/wp-json\/wp\/v2\/pages\/183\/page\/2\/\"><span class=\"elementor-screen-only\">Page<\/span>2<\/a>\n<a class=\"page-numbers\" href=\"https:\/\/gobi.rent\/wp-json\/wp\/v2\/pages\/183\/page\/3\/\"><span class=\"elementor-screen-only\">Page<\/span>3<\/a>\n<a class=\"page-numbers next\" href=\"https:\/\/gobi.rent\/wp-json\/wp\/v2\/pages\/183\/page\/2\/\">Sonraki \u00bb<\/a>\t\t<\/nav>\n\t\t\t\t\t\t<\/div>\n\t\t\t\t<\/div>\n\t\t\t\t\t<\/div>\n\t\t\t\t<\/div>\n\t\t<div class=\"elementor-element elementor-element-b260a25 e-flex e-con-boxed e-con e-parent\" data-id=\"b260a25\" data-element_type=\"container\" data-e-type=\"container\">\n\t\t\t\t\t<div class=\"e-con-inner\">\n\t\t\t\t<div class=\"elementor-element elementor-element-f54795d elementor-widget elementor-widget-text-editor\" data-id=\"f54795d\" data-element_type=\"widget\" data-e-type=\"widget\" data-widget_type=\"text-editor.default\">\n\t\t\t\t<div class=\"elementor-widget-container\">\n\t\t\t\t\t\t\t\t\t<p>Ziyaret etmek <a href=\"https:\/\/gobi.rent\/tr\/\">Gobi Kiral\u0131k<\/a> i\u00e7in <a href=\"https:\/\/en.wikipedia.org\/wiki\/Mongolia\" target=\"_blank\" rel=\"noopener\">Mo\u011folistan<\/a> Kendi Kendine S\u00fcr\u00fc\u015f Turu<\/p>\t\t\t\t\t\t\t\t<\/div>\n\t\t\t\t<\/div>\n\t\t\t\t\t<\/div>\n\t\t\t\t<\/div>\n\t\t\t\t<\/div>","protected":false},"excerpt":{"rendered":"<p>Our Blog Visit Gobi Rent for Mongolia Self Drive Tour<\/p>","protected":false},"author":2,"featured_media":0,"parent":0,"menu_order":0,"comment_status":"closed","ping_status":"closed","template":"","meta":{"footnotes":""},"class_list":["post-183","page","type-page","status-publish","hentry"],"_links":{"self":[{"href":"https:\/\/gobi.rent\/tr\/wp-json\/wp\/v2\/pages\/183","targetHints":{"allow":["GET"]}}],"collection":[{"href":"https:\/\/gobi.rent\/tr\/wp-json\/wp\/v2\/pages"}],"about":[{"href":"https:\/\/gobi.rent\/tr\/wp-json\/wp\/v2\/types\/page"}],"author":[{"embeddable":true,"href":"https:\/\/gobi.rent\/tr\/wp-json\/wp\/v2\/users\/2"}],"replies":[{"embeddable":true,"href":"https:\/\/gobi.rent\/tr\/wp-json\/wp\/v2\/comments?post=183"}],"version-history":[{"count":21,"href":"https:\/\/gobi.rent\/tr\/wp-json\/wp\/v2\/pages\/183\/revisions"}],"predecessor-version":[{"id":1102,"href":"https:\/\/gobi.rent\/tr\/wp-json\/wp\/v2\/pages\/183\/revisions\/1102"}],"wp:attachment":[{"href":"https:\/\/gobi.rent\/tr\/wp-json\/wp\/v2\/media?parent=183"}],"curies":[{"name":"wp","href":"https:\/\/api.w.org\/{rel}","templated":true}]}}