{"id":183,"date":"2025-04-17T11:04:41","date_gmt":"2025-04-17T11:04:41","guid":{"rendered":"https:\/\/lightpink-hornet-302504.hostingersite.com\/?page_id=183"},"modified":"2025-11-01T10:31:56","modified_gmt":"2025-11-01T10:31:56","slug":"blog","status":"publish","type":"page","link":"https:\/\/gobi.rent\/it\/blog\/","title":{"rendered":"Blog"},"content":{"rendered":"<div data-elementor-type=\"wp-page\" data-elementor-id=\"183\" class=\"elementor elementor-183\" data-elementor-post-type=\"page\">\n\t\t\t\t<div class=\"elementor-element elementor-element-e8ca1b1 e-flex e-con-boxed e-con e-parent\" data-id=\"e8ca1b1\" data-element_type=\"container\" data-e-type=\"container\" data-settings=\"{&quot;background_background&quot;:&quot;classic&quot;}\">\n\t\t\t\t\t<div class=\"e-con-inner\">\n\t\t\t\t\t<\/div>\n\t\t\t\t<\/div>\n\t\t<div class=\"elementor-element elementor-element-90feb73 e-flex e-con-boxed e-con e-parent\" data-id=\"90feb73\" data-element_type=\"container\" data-e-type=\"container\" data-settings=\"{&quot;background_background&quot;:&quot;classic&quot;}\">\n\t\t\t\t\t<div class=\"e-con-inner\">\n\t\t\t\t<div class=\"elementor-element elementor-element-d782c31 elementor-widget elementor-widget-heading\" data-id=\"d782c31\" data-element_type=\"widget\" data-e-type=\"widget\" data-widget_type=\"heading.default\">\n\t\t\t\t<div class=\"elementor-widget-container\">\n\t\t\t\t\t<h2 class=\"elementor-heading-title elementor-size-default\">Our Blog<\/h2>\t\t\t\t<\/div>\n\t\t\t\t<\/div>\n\t\t\t\t\t<\/div>\n\t\t\t\t<\/div>\n\t\t<div class=\"elementor-element elementor-element-fd81f3b e-flex e-con-boxed e-con e-parent\" data-id=\"fd81f3b\" data-element_type=\"container\" data-e-type=\"container\">\n\t\t\t\t\t<div class=\"e-con-inner\">\n\t\t\t\t<div class=\"elementor-element elementor-element-d0170e0 elementor-grid-3 elementor-grid-tablet-2 elementor-grid-mobile-1 elementor-posts--thumbnail-top elementor-widget elementor-widget-posts\" data-id=\"d0170e0\" data-element_type=\"widget\" data-e-type=\"widget\" data-settings=\"{&quot;pagination_type&quot;:&quot;numbers_and_prev_next&quot;,&quot;classic_columns&quot;:&quot;3&quot;,&quot;classic_columns_tablet&quot;:&quot;2&quot;,&quot;classic_columns_mobile&quot;:&quot;1&quot;,&quot;classic_row_gap&quot;:{&quot;unit&quot;:&quot;px&quot;,&quot;size&quot;:35,&quot;sizes&quot;:[]},&quot;classic_row_gap_tablet&quot;:{&quot;unit&quot;:&quot;px&quot;,&quot;size&quot;:&quot;&quot;,&quot;sizes&quot;:[]},&quot;classic_row_gap_mobile&quot;:{&quot;unit&quot;:&quot;px&quot;,&quot;size&quot;:&quot;&quot;,&quot;sizes&quot;:[]}}\" data-widget_type=\"posts.classic\">\n\t\t\t\t<div class=\"elementor-widget-container\">\n\t\t\t\t\t\t\t<div class=\"elementor-posts-container elementor-posts elementor-posts--skin-classic elementor-grid\" role=\"list\">\n\t\t\t\t<article class=\"elementor-post elementor-grid-item post-1222 post type-post status-publish format-standard hentry category-travel-guide tag-gobi tag-private-tour tag-self-drive\" role=\"listitem\">\n\t\t\t\t<a class=\"elementor-post__thumbnail__link\" href=\"https:\/\/gobi.rent\/it\/deserto-del-gobi-sfide-fisiche-in-asia\/\" tabindex=\"-1\">\n\t\t\t<div class=\"elementor-post__thumbnail\"><img fetchpriority=\"high\" decoding=\"async\" width=\"640\" height=\"480\" src=\"https:\/\/gobi.rent\/wp-content\/uploads\/2025\/11\/sddefault.jpg\" class=\"attachment-full size-full wp-image-1223\" alt=\"Fisico: Asia team Mongolia ti fa venire voglia di viaggiare in Mongolia?\" srcset=\"https:\/\/gobi.rent\/wp-content\/uploads\/2025\/11\/sddefault.jpg 640w, https:\/\/gobi.rent\/wp-content\/uploads\/2025\/11\/sddefault-300x225.jpg 300w, https:\/\/gobi.rent\/wp-content\/uploads\/2025\/11\/sddefault-16x12.jpg 16w\" sizes=\"(max-width: 640px) 100vw, 640px\" \/><\/div>\n\t\t<\/a>\n\t\t\t\t<div class=\"elementor-post__text\">\n\t\t\t\t<h3 class=\"elementor-post__title\">\n\t\t\t<a href=\"https:\/\/gobi.rent\/it\/deserto-del-gobi-sfide-fisiche-in-asia\/\">\n\t\t\t\t5 sfide fisiche nel deserto del Gobi che sembrano uscite direttamente dalla fisica: Asia\t\t\t<\/a>\n\t\t<\/h3>\n\t\t\t\t<div class=\"elementor-post__excerpt\">\n\t\t\t<p>Il programma di Netflix Physical: Asia ha conquistato gli spettatori di tutto il mondo mostrando sfide fisiche estenuanti, prove di resistenza e<\/p>\n\t\t<\/div>\n\t\t\t\t<\/div>\n\t\t\t\t<\/article>\n\t\t\t\t<article class=\"elementor-post elementor-grid-item post-1215 post type-post status-publish format-standard hentry category-travel-guide\" role=\"listitem\">\n\t\t\t\t<a class=\"elementor-post__thumbnail__link\" href=\"https:\/\/gobi.rent\/it\/avventura-fisica-in-asia-mongolia\/\" tabindex=\"-1\">\n\t\t\t<div class=\"elementor-post__thumbnail\"><img decoding=\"async\" width=\"1920\" height=\"1280\" src=\"https:\/\/gobi.rent\/wp-content\/uploads\/2025\/11\/nomad-8213069_1920.jpg\" class=\"attachment-full size-full wp-image-1217\" alt=\"Il Gobi \u00e8 la patria dei forti mongoli\" srcset=\"https:\/\/gobi.rent\/wp-content\/uploads\/2025\/11\/nomad-8213069_1920.jpg 1920w, https:\/\/gobi.rent\/wp-content\/uploads\/2025\/11\/nomad-8213069_1920-300x200.jpg 300w, https:\/\/gobi.rent\/wp-content\/uploads\/2025\/11\/nomad-8213069_1920-1024x683.jpg 1024w, https:\/\/gobi.rent\/wp-content\/uploads\/2025\/11\/nomad-8213069_1920-768x512.jpg 768w, https:\/\/gobi.rent\/wp-content\/uploads\/2025\/11\/nomad-8213069_1920-1536x1024.jpg 1536w, https:\/\/gobi.rent\/wp-content\/uploads\/2025\/11\/nomad-8213069_1920-18x12.jpg 18w\" sizes=\"(max-width: 1920px) 100vw, 1920px\" \/><\/div>\n\t\t<\/a>\n\t\t\t\t<div class=\"elementor-post__text\">\n\t\t\t\t<h3 class=\"elementor-post__title\">\n\t\t\t<a href=\"https:\/\/gobi.rent\/it\/avventura-fisica-in-asia-mongolia\/\">\n\t\t\t\tQuanto \u00e8 fisica: L'Asia cattura lo spirito dell'avventura - E perch\u00e9 la Mongolia \u00e8 l'arena della vita reale\t\t\t<\/a>\n\t\t<\/h3>\n\t\t\t\t<div class=\"elementor-post__excerpt\">\n\t\t\t<p>Negli ultimi anni, Netflix ha rivoluzionato i reality show di competizione, spingendo i limiti della resistenza umana<\/p>\n\t\t<\/div>\n\t\t\t\t<\/div>\n\t\t\t\t<\/article>\n\t\t\t\t<article class=\"elementor-post elementor-grid-item post-1210 post type-post status-publish format-standard hentry category-travel-guide\" role=\"listitem\">\n\t\t\t\t<a class=\"elementor-post__thumbnail__link\" href=\"https:\/\/gobi.rent\/it\/ristoranti-di-cucina-mongola\/\" tabindex=\"-1\">\n\t\t\t<div class=\"elementor-post__thumbnail\"><img decoding=\"async\" width=\"2048\" height=\"1366\" src=\"https:\/\/gobi.rent\/wp-content\/uploads\/2025\/11\/Best-Mongolian-Restaurants.jpg\" class=\"attachment-full size-full wp-image-1211\" alt=\"I migliori ristoranti mongoli\" srcset=\"https:\/\/gobi.rent\/wp-content\/uploads\/2025\/11\/Best-Mongolian-Restaurants.jpg 2048w, https:\/\/gobi.rent\/wp-content\/uploads\/2025\/11\/Best-Mongolian-Restaurants-300x200.jpg 300w, https:\/\/gobi.rent\/wp-content\/uploads\/2025\/11\/Best-Mongolian-Restaurants-1024x683.jpg 1024w, https:\/\/gobi.rent\/wp-content\/uploads\/2025\/11\/Best-Mongolian-Restaurants-768x512.jpg 768w, https:\/\/gobi.rent\/wp-content\/uploads\/2025\/11\/Best-Mongolian-Restaurants-1536x1025.jpg 1536w, https:\/\/gobi.rent\/wp-content\/uploads\/2025\/11\/Best-Mongolian-Restaurants-18x12.jpg 18w\" sizes=\"(max-width: 2048px) 100vw, 2048px\" \/><\/div>\n\t\t<\/a>\n\t\t\t\t<div class=\"elementor-post__text\">\n\t\t\t\t<h3 class=\"elementor-post__title\">\n\t\t\t<a href=\"https:\/\/gobi.rent\/it\/ristoranti-di-cucina-mongola\/\">\n\t\t\t\tI 10 migliori ristoranti di cucina mongola a Ulaanbaatar e dintorni\t\t\t<\/a>\n\t\t<\/h3>\n\t\t\t\t<div class=\"elementor-post__excerpt\">\n\t\t\t<p>Introduzione: Un viaggio culinario attraverso la Mongolia Nessun viaggio in Mongolia \u00e8 completo senza aver esplorato la Mongolia.<\/p>\n\t\t<\/div>\n\t\t\t\t<\/div>\n\t\t\t\t<\/article>\n\t\t\t\t<article class=\"elementor-post elementor-grid-item post-1201 post type-post status-publish format-standard hentry category-travel-guide\" role=\"listitem\">\n\t\t\t\t<a class=\"elementor-post__thumbnail__link\" href=\"https:\/\/gobi.rent\/it\/guida-alla-cucina-mongola\/\" tabindex=\"-1\">\n\t\t\t<div class=\"elementor-post__thumbnail\"><img loading=\"lazy\" decoding=\"async\" width=\"2000\" height=\"1500\" src=\"https:\/\/gobi.rent\/wp-content\/uploads\/2025\/11\/tuguldur-baatar-FWFHxrn5OGA-unsplash-1.jpg\" class=\"attachment-full size-full wp-image-1203\" alt=\"Cucina mongola\" srcset=\"https:\/\/gobi.rent\/wp-content\/uploads\/2025\/11\/tuguldur-baatar-FWFHxrn5OGA-unsplash-1.jpg 2000w, https:\/\/gobi.rent\/wp-content\/uploads\/2025\/11\/tuguldur-baatar-FWFHxrn5OGA-unsplash-1-300x225.jpg 300w, https:\/\/gobi.rent\/wp-content\/uploads\/2025\/11\/tuguldur-baatar-FWFHxrn5OGA-unsplash-1-1024x768.jpg 1024w, https:\/\/gobi.rent\/wp-content\/uploads\/2025\/11\/tuguldur-baatar-FWFHxrn5OGA-unsplash-1-768x576.jpg 768w, https:\/\/gobi.rent\/wp-content\/uploads\/2025\/11\/tuguldur-baatar-FWFHxrn5OGA-unsplash-1-1536x1152.jpg 1536w, https:\/\/gobi.rent\/wp-content\/uploads\/2025\/11\/tuguldur-baatar-FWFHxrn5OGA-unsplash-1-16x12.jpg 16w\" sizes=\"(max-width: 2000px) 100vw, 2000px\" \/><\/div>\n\t\t<\/a>\n\t\t\t\t<div class=\"elementor-post__text\">\n\t\t\t\t<h3 class=\"elementor-post__title\">\n\t\t\t<a href=\"https:\/\/gobi.rent\/it\/guida-alla-cucina-mongola\/\">\n\t\t\t\tUn assaggio della steppa: esplorare l'autentica cucina mongola durante un viaggio in macchina\t\t\t<\/a>\n\t\t<\/h3>\n\t\t\t\t<div class=\"elementor-post__excerpt\">\n\t\t\t<p>Pi\u00f9 di 30% della popolazione mongola vive ancora uno stile di vita nomade o seminomade, il che rende la tradizione mongola<\/p>\n\t\t<\/div>\n\t\t\t\t<\/div>\n\t\t\t\t<\/article>\n\t\t\t\t<article class=\"elementor-post elementor-grid-item post-1177 post type-post status-publish format-standard hentry category-travel-guide\" role=\"listitem\">\n\t\t\t\t<a class=\"elementor-post__thumbnail__link\" href=\"https:\/\/gobi.rent\/it\/museo-del-gobi\/\" tabindex=\"-1\">\n\t\t\t<div class=\"elementor-post__thumbnail\"><img loading=\"lazy\" decoding=\"async\" width=\"2048\" height=\"1365\" src=\"https:\/\/gobi.rent\/wp-content\/uploads\/2025\/11\/282255828_5320900924634715_8831617575810867262_n.jpg\" class=\"attachment-full size-full wp-image-1178\" alt=\"I fossili di dinosauro del Museo del Gobi\" srcset=\"https:\/\/gobi.rent\/wp-content\/uploads\/2025\/11\/282255828_5320900924634715_8831617575810867262_n.jpg 2048w, https:\/\/gobi.rent\/wp-content\/uploads\/2025\/11\/282255828_5320900924634715_8831617575810867262_n-300x200.jpg 300w, https:\/\/gobi.rent\/wp-content\/uploads\/2025\/11\/282255828_5320900924634715_8831617575810867262_n-1024x683.jpg 1024w, https:\/\/gobi.rent\/wp-content\/uploads\/2025\/11\/282255828_5320900924634715_8831617575810867262_n-768x512.jpg 768w, https:\/\/gobi.rent\/wp-content\/uploads\/2025\/11\/282255828_5320900924634715_8831617575810867262_n-1536x1024.jpg 1536w, https:\/\/gobi.rent\/wp-content\/uploads\/2025\/11\/282255828_5320900924634715_8831617575810867262_n-18x12.jpg 18w\" sizes=\"(max-width: 2048px) 100vw, 2048px\" \/><\/div>\n\t\t<\/a>\n\t\t\t\t<div class=\"elementor-post__text\">\n\t\t\t\t<h3 class=\"elementor-post__title\">\n\t\t\t<a href=\"https:\/\/gobi.rent\/it\/museo-del-gobi\/\">\n\t\t\t\tIl Museo della natura e della storia del Gobi: Un museo da visitare assolutamente nel Gobi per chi viaggia in auto.\t\t\t<\/a>\n\t\t<\/h3>\n\t\t\t\t<div class=\"elementor-post__excerpt\">\n\t\t\t<p>Scoprite la storia del deserto vivente della Mongolia a Dalanzadgad Se state esplorando l'immensa frontiera meridionale della Mongolia in<\/p>\n\t\t<\/div>\n\t\t\t\t<\/div>\n\t\t\t\t<\/article>\n\t\t\t\t<article class=\"elementor-post elementor-grid-item post-883 post type-post status-publish format-standard hentry category-travel-guide\" role=\"listitem\">\n\t\t\t\t<a class=\"elementor-post__thumbnail__link\" href=\"https:\/\/gobi.rent\/it\/chi-dovrebbe-e-chi-non-dovrebbe-andare-in-auto-nel-gobi\/\" tabindex=\"-1\">\n\t\t\t<div class=\"elementor-post__thumbnail\"><img loading=\"lazy\" decoding=\"async\" width=\"1600\" height=\"1067\" src=\"https:\/\/gobi.rent\/wp-content\/uploads\/2025\/11\/Landcruiser-250-interior.webp\" class=\"attachment-full size-full wp-image-1176\" alt=\"Il Gobi \u00e8 pericoloso da visitare?\" srcset=\"https:\/\/gobi.rent\/wp-content\/uploads\/2025\/11\/Landcruiser-250-interior.webp 1600w, https:\/\/gobi.rent\/wp-content\/uploads\/2025\/11\/Landcruiser-250-interior-300x200.webp 300w, https:\/\/gobi.rent\/wp-content\/uploads\/2025\/11\/Landcruiser-250-interior-1024x683.webp 1024w, https:\/\/gobi.rent\/wp-content\/uploads\/2025\/11\/Landcruiser-250-interior-768x512.webp 768w, https:\/\/gobi.rent\/wp-content\/uploads\/2025\/11\/Landcruiser-250-interior-1536x1024.webp 1536w, https:\/\/gobi.rent\/wp-content\/uploads\/2025\/11\/Landcruiser-250-interior-18x12.webp 18w\" sizes=\"(max-width: 1600px) 100vw, 1600px\" \/><\/div>\n\t\t<\/a>\n\t\t\t\t<div class=\"elementor-post__text\">\n\t\t\t\t<h3 class=\"elementor-post__title\">\n\t\t\t<a href=\"https:\/\/gobi.rent\/it\/chi-dovrebbe-e-chi-non-dovrebbe-andare-in-auto-nel-gobi\/\">\n\t\t\t\tChi deve e chi non deve andare in auto nel Gobi\t\t\t<\/a>\n\t\t<\/h3>\n\t\t\t\t<div class=\"elementor-post__excerpt\">\n\t\t\t<p>Vi perderete nel Gobi? Se lo chiedete a Internet, vi verranno in mente tutti i tipi di<\/p>\n\t\t<\/div>\n\t\t\t\t<\/div>\n\t\t\t\t<\/article>\n\t\t\t\t<\/div>\n\t\t\n\t\t\t\t<div class=\"e-load-more-anchor\" data-page=\"1\" data-max-page=\"5\" data-next-page=\"https:\/\/gobi.rent\/wp-json\/wp\/v2\/pages\/183\/page\/2\/\"><\/div>\n\t\t\t\t<nav class=\"elementor-pagination\" aria-label=\"Pagination\">\n\t\t\t<span class=\"page-numbers prev\">\u00ab Previous<\/span>\n<span aria-current=\"page\" class=\"page-numbers current\"><span class=\"elementor-screen-only\">Page<\/span>1<\/span>\n<a class=\"page-numbers\" href=\"https:\/\/gobi.rent\/wp-json\/wp\/v2\/pages\/183\/page\/2\/\"><span class=\"elementor-screen-only\">Page<\/span>2<\/a>\n<a class=\"page-numbers\" href=\"https:\/\/gobi.rent\/wp-json\/wp\/v2\/pages\/183\/page\/3\/\"><span class=\"elementor-screen-only\">Page<\/span>3<\/a>\n<a class=\"page-numbers next\" href=\"https:\/\/gobi.rent\/wp-json\/wp\/v2\/pages\/183\/page\/2\/\">Next \u00bb<\/a>\t\t<\/nav>\n\t\t\t\t\t\t<\/div>\n\t\t\t\t<\/div>\n\t\t\t\t\t<\/div>\n\t\t\t\t<\/div>\n\t\t<div class=\"elementor-element elementor-element-b260a25 e-flex e-con-boxed e-con e-parent\" data-id=\"b260a25\" data-element_type=\"container\" data-e-type=\"container\">\n\t\t\t\t\t<div class=\"e-con-inner\">\n\t\t\t\t<div class=\"elementor-element elementor-element-f54795d elementor-widget elementor-widget-text-editor\" data-id=\"f54795d\" data-element_type=\"widget\" data-e-type=\"widget\" data-widget_type=\"text-editor.default\">\n\t\t\t\t<div class=\"elementor-widget-container\">\n\t\t\t\t\t\t\t\t\t<p>Visita <a href=\"https:\/\/gobi.rent\/it\/\">Gobi Affitto<\/a> per <a href=\"https:\/\/en.wikipedia.org\/wiki\/Mongolia\" target=\"_blank\" rel=\"noopener\">Mongolia<\/a> Tour in auto<\/p>\t\t\t\t\t\t\t\t<\/div>\n\t\t\t\t<\/div>\n\t\t\t\t\t<\/div>\n\t\t\t\t<\/div>\n\t\t\t\t<\/div>","protected":false},"excerpt":{"rendered":"<p>Our Blog Visit Gobi Rent for Mongolia Self Drive Tour<\/p>","protected":false},"author":2,"featured_media":0,"parent":0,"menu_order":0,"comment_status":"closed","ping_status":"closed","template":"","meta":{"footnotes":""},"class_list":["post-183","page","type-page","status-publish","hentry"],"_links":{"self":[{"href":"https:\/\/gobi.rent\/it\/wp-json\/wp\/v2\/pages\/183","targetHints":{"allow":["GET"]}}],"collection":[{"href":"https:\/\/gobi.rent\/it\/wp-json\/wp\/v2\/pages"}],"about":[{"href":"https:\/\/gobi.rent\/it\/wp-json\/wp\/v2\/types\/page"}],"author":[{"embeddable":true,"href":"https:\/\/gobi.rent\/it\/wp-json\/wp\/v2\/users\/2"}],"replies":[{"embeddable":true,"href":"https:\/\/gobi.rent\/it\/wp-json\/wp\/v2\/comments?post=183"}],"version-history":[{"count":21,"href":"https:\/\/gobi.rent\/it\/wp-json\/wp\/v2\/pages\/183\/revisions"}],"predecessor-version":[{"id":1102,"href":"https:\/\/gobi.rent\/it\/wp-json\/wp\/v2\/pages\/183\/revisions\/1102"}],"wp:attachment":[{"href":"https:\/\/gobi.rent\/it\/wp-json\/wp\/v2\/media?parent=183"}],"curies":[{"name":"wp","href":"https:\/\/api.w.org\/{rel}","templated":true}]}}