{"id":183,"date":"2025-04-17T11:04:41","date_gmt":"2025-04-17T11:04:41","guid":{"rendered":"https:\/\/lightpink-hornet-302504.hostingersite.com\/?page_id=183"},"modified":"2025-11-01T10:31:56","modified_gmt":"2025-11-01T10:31:56","slug":"blog","status":"publish","type":"page","link":"https:\/\/gobi.rent\/fr\/blog\/","title":{"rendered":"Blog"},"content":{"rendered":"<div data-elementor-type=\"wp-page\" data-elementor-id=\"183\" class=\"elementor elementor-183\" data-elementor-post-type=\"page\">\n\t\t\t\t<div class=\"elementor-element elementor-element-e8ca1b1 e-flex e-con-boxed e-con e-parent\" data-id=\"e8ca1b1\" data-element_type=\"container\" data-e-type=\"container\" data-settings=\"{&quot;background_background&quot;:&quot;classic&quot;}\">\n\t\t\t\t\t<div class=\"e-con-inner\">\n\t\t\t\t\t<\/div>\n\t\t\t\t<\/div>\n\t\t<div class=\"elementor-element elementor-element-90feb73 e-flex e-con-boxed e-con e-parent\" data-id=\"90feb73\" data-element_type=\"container\" data-e-type=\"container\" data-settings=\"{&quot;background_background&quot;:&quot;classic&quot;}\">\n\t\t\t\t\t<div class=\"e-con-inner\">\n\t\t\t\t<div class=\"elementor-element elementor-element-d782c31 elementor-widget elementor-widget-heading\" data-id=\"d782c31\" data-element_type=\"widget\" data-e-type=\"widget\" data-widget_type=\"heading.default\">\n\t\t\t\t<div class=\"elementor-widget-container\">\n\t\t\t\t\t<h2 class=\"elementor-heading-title elementor-size-default\">Our Blog<\/h2>\t\t\t\t<\/div>\n\t\t\t\t<\/div>\n\t\t\t\t\t<\/div>\n\t\t\t\t<\/div>\n\t\t<div class=\"elementor-element elementor-element-fd81f3b e-flex e-con-boxed e-con e-parent\" data-id=\"fd81f3b\" data-element_type=\"container\" data-e-type=\"container\">\n\t\t\t\t\t<div class=\"e-con-inner\">\n\t\t\t\t<div class=\"elementor-element elementor-element-d0170e0 elementor-grid-3 elementor-grid-tablet-2 elementor-grid-mobile-1 elementor-posts--thumbnail-top elementor-widget elementor-widget-posts\" data-id=\"d0170e0\" data-element_type=\"widget\" data-e-type=\"widget\" data-settings=\"{&quot;pagination_type&quot;:&quot;numbers_and_prev_next&quot;,&quot;classic_columns&quot;:&quot;3&quot;,&quot;classic_columns_tablet&quot;:&quot;2&quot;,&quot;classic_columns_mobile&quot;:&quot;1&quot;,&quot;classic_row_gap&quot;:{&quot;unit&quot;:&quot;px&quot;,&quot;size&quot;:35,&quot;sizes&quot;:[]},&quot;classic_row_gap_tablet&quot;:{&quot;unit&quot;:&quot;px&quot;,&quot;size&quot;:&quot;&quot;,&quot;sizes&quot;:[]},&quot;classic_row_gap_mobile&quot;:{&quot;unit&quot;:&quot;px&quot;,&quot;size&quot;:&quot;&quot;,&quot;sizes&quot;:[]}}\" data-widget_type=\"posts.classic\">\n\t\t\t\t<div class=\"elementor-widget-container\">\n\t\t\t\t\t\t\t<div class=\"elementor-posts-container elementor-posts elementor-posts--skin-classic elementor-grid\" role=\"list\">\n\t\t\t\t<article class=\"elementor-post elementor-grid-item post-1222 post type-post status-publish format-standard hentry category-travel-guide tag-gobi tag-private-tour tag-self-drive\" role=\"listitem\">\n\t\t\t\t<a class=\"elementor-post__thumbnail__link\" href=\"https:\/\/gobi.rent\/fr\/desert-de-gobi-defis-physiques-de-lasie\/\" tabindex=\"-1\">\n\t\t\t<div class=\"elementor-post__thumbnail\"><img fetchpriority=\"high\" decoding=\"async\" width=\"640\" height=\"480\" src=\"https:\/\/gobi.rent\/wp-content\/uploads\/2025\/11\/sddefault.jpg\" class=\"attachment-full size-full wp-image-1223\" alt=\"Physique : L&#039;\u00e9quipe d&#039;Asie Mongolie vous donne envie de voyager en Mongolie ?\" srcset=\"https:\/\/gobi.rent\/wp-content\/uploads\/2025\/11\/sddefault.jpg 640w, https:\/\/gobi.rent\/wp-content\/uploads\/2025\/11\/sddefault-300x225.jpg 300w, https:\/\/gobi.rent\/wp-content\/uploads\/2025\/11\/sddefault-16x12.jpg 16w\" sizes=\"(max-width: 640px) 100vw, 640px\" \/><\/div>\n\t\t<\/a>\n\t\t\t\t<div class=\"elementor-post__text\">\n\t\t\t\t<h3 class=\"elementor-post__title\">\n\t\t\t<a href=\"https:\/\/gobi.rent\/fr\/desert-de-gobi-defis-physiques-de-lasie\/\">\n\t\t\t\t5 d\u00e9fis physiques dans le d\u00e9sert de Gobi qui semblent tout droit sortis de la physique : Asie\t\t\t<\/a>\n\t\t<\/h3>\n\t\t\t\t<div class=\"elementor-post__excerpt\">\n\t\t\t<p>La sensation Netflix Physical : Asia a captiv\u00e9 les t\u00e9l\u00e9spectateurs du monde entier en pr\u00e9sentant des d\u00e9fis physiques \u00e9puisants, des tests d'endurance, et des<\/p>\n\t\t<\/div>\n\t\t\t\t<\/div>\n\t\t\t\t<\/article>\n\t\t\t\t<article class=\"elementor-post elementor-grid-item post-1215 post type-post status-publish format-standard hentry category-travel-guide\" role=\"listitem\">\n\t\t\t\t<a class=\"elementor-post__thumbnail__link\" href=\"https:\/\/gobi.rent\/fr\/asie-physique-mongolie-aventure\/\" tabindex=\"-1\">\n\t\t\t<div class=\"elementor-post__thumbnail\"><img decoding=\"async\" width=\"1920\" height=\"1280\" src=\"https:\/\/gobi.rent\/wp-content\/uploads\/2025\/11\/nomad-8213069_1920.jpg\" class=\"attachment-full size-full wp-image-1217\" alt=\"Le Gobi, terre d&#039;accueil des Mongols les plus forts\" srcset=\"https:\/\/gobi.rent\/wp-content\/uploads\/2025\/11\/nomad-8213069_1920.jpg 1920w, https:\/\/gobi.rent\/wp-content\/uploads\/2025\/11\/nomad-8213069_1920-300x200.jpg 300w, https:\/\/gobi.rent\/wp-content\/uploads\/2025\/11\/nomad-8213069_1920-1024x683.jpg 1024w, https:\/\/gobi.rent\/wp-content\/uploads\/2025\/11\/nomad-8213069_1920-768x512.jpg 768w, https:\/\/gobi.rent\/wp-content\/uploads\/2025\/11\/nomad-8213069_1920-1536x1024.jpg 1536w, https:\/\/gobi.rent\/wp-content\/uploads\/2025\/11\/nomad-8213069_1920-18x12.jpg 18w\" sizes=\"(max-width: 1920px) 100vw, 1920px\" \/><\/div>\n\t\t<\/a>\n\t\t\t\t<div class=\"elementor-post__text\">\n\t\t\t\t<h3 class=\"elementor-post__title\">\n\t\t\t<a href=\"https:\/\/gobi.rent\/fr\/asie-physique-mongolie-aventure\/\">\n\t\t\t\tL'Asie capture l'esprit d'aventure - et pourquoi la Mongolie est une v\u00e9ritable ar\u00e8ne : L'Asie capture l'esprit d'aventure - et pourquoi la Mongolie est l'ar\u00e8ne de la vraie vie\t\t\t<\/a>\n\t\t<\/h3>\n\t\t\t\t<div class=\"elementor-post__excerpt\">\n\t\t\t<p>Ces derni\u00e8res ann\u00e9es, Netflix a r\u00e9volutionn\u00e9 les \u00e9missions de t\u00e9l\u00e9r\u00e9alit\u00e9 en repoussant les limites de l'endurance humaine<\/p>\n\t\t<\/div>\n\t\t\t\t<\/div>\n\t\t\t\t<\/article>\n\t\t\t\t<article class=\"elementor-post elementor-grid-item post-1210 post type-post status-publish format-standard hentry category-travel-guide\" role=\"listitem\">\n\t\t\t\t<a class=\"elementor-post__thumbnail__link\" href=\"https:\/\/gobi.rent\/fr\/restaurants-de-cuisine-mongole\/\" tabindex=\"-1\">\n\t\t\t<div class=\"elementor-post__thumbnail\"><img decoding=\"async\" width=\"2048\" height=\"1366\" src=\"https:\/\/gobi.rent\/wp-content\/uploads\/2025\/11\/Best-Mongolian-Restaurants.jpg\" class=\"attachment-full size-full wp-image-1211\" alt=\"Meilleurs restaurants mongols\" srcset=\"https:\/\/gobi.rent\/wp-content\/uploads\/2025\/11\/Best-Mongolian-Restaurants.jpg 2048w, https:\/\/gobi.rent\/wp-content\/uploads\/2025\/11\/Best-Mongolian-Restaurants-300x200.jpg 300w, https:\/\/gobi.rent\/wp-content\/uploads\/2025\/11\/Best-Mongolian-Restaurants-1024x683.jpg 1024w, https:\/\/gobi.rent\/wp-content\/uploads\/2025\/11\/Best-Mongolian-Restaurants-768x512.jpg 768w, https:\/\/gobi.rent\/wp-content\/uploads\/2025\/11\/Best-Mongolian-Restaurants-1536x1025.jpg 1536w, https:\/\/gobi.rent\/wp-content\/uploads\/2025\/11\/Best-Mongolian-Restaurants-18x12.jpg 18w\" sizes=\"(max-width: 2048px) 100vw, 2048px\" \/><\/div>\n\t\t<\/a>\n\t\t\t\t<div class=\"elementor-post__text\">\n\t\t\t\t<h3 class=\"elementor-post__title\">\n\t\t\t<a href=\"https:\/\/gobi.rent\/fr\/restaurants-de-cuisine-mongole\/\">\n\t\t\t\tLes 10 meilleurs restaurants de cuisine mongole \u00e0 Oulan-Bator et ailleurs\t\t\t<\/a>\n\t\t<\/h3>\n\t\t\t\t<div class=\"elementor-post__excerpt\">\n\t\t\t<p>Introduction : Un voyage culinaire \u00e0 travers la Mongolie Aucun voyage \u00e0 travers la Mongolie n'est complet sans une incursion dans le monde de l'art culinaire.<\/p>\n\t\t<\/div>\n\t\t\t\t<\/div>\n\t\t\t\t<\/article>\n\t\t\t\t<article class=\"elementor-post elementor-grid-item post-1201 post type-post status-publish format-standard hentry category-travel-guide\" role=\"listitem\">\n\t\t\t\t<a class=\"elementor-post__thumbnail__link\" href=\"https:\/\/gobi.rent\/fr\/guide-de-la-cuisine-mongole\/\" tabindex=\"-1\">\n\t\t\t<div class=\"elementor-post__thumbnail\"><img loading=\"lazy\" decoding=\"async\" width=\"2000\" height=\"1500\" src=\"https:\/\/gobi.rent\/wp-content\/uploads\/2025\/11\/tuguldur-baatar-FWFHxrn5OGA-unsplash-1.jpg\" class=\"attachment-full size-full wp-image-1203\" alt=\"Cuisine mongole\" srcset=\"https:\/\/gobi.rent\/wp-content\/uploads\/2025\/11\/tuguldur-baatar-FWFHxrn5OGA-unsplash-1.jpg 2000w, https:\/\/gobi.rent\/wp-content\/uploads\/2025\/11\/tuguldur-baatar-FWFHxrn5OGA-unsplash-1-300x225.jpg 300w, https:\/\/gobi.rent\/wp-content\/uploads\/2025\/11\/tuguldur-baatar-FWFHxrn5OGA-unsplash-1-1024x768.jpg 1024w, https:\/\/gobi.rent\/wp-content\/uploads\/2025\/11\/tuguldur-baatar-FWFHxrn5OGA-unsplash-1-768x576.jpg 768w, https:\/\/gobi.rent\/wp-content\/uploads\/2025\/11\/tuguldur-baatar-FWFHxrn5OGA-unsplash-1-1536x1152.jpg 1536w, https:\/\/gobi.rent\/wp-content\/uploads\/2025\/11\/tuguldur-baatar-FWFHxrn5OGA-unsplash-1-16x12.jpg 16w\" sizes=\"(max-width: 2000px) 100vw, 2000px\" \/><\/div>\n\t\t<\/a>\n\t\t\t\t<div class=\"elementor-post__text\">\n\t\t\t\t<h3 class=\"elementor-post__title\">\n\t\t\t<a href=\"https:\/\/gobi.rent\/fr\/guide-de-la-cuisine-mongole\/\">\n\t\t\t\tLe go\u00fbt de la steppe : \u00e0 la d\u00e9couverte de l'authentique cuisine mongole lors d'un voyage en voiture\t\t\t<\/a>\n\t\t<\/h3>\n\t\t\t\t<div class=\"elementor-post__excerpt\">\n\t\t\t<p>Plus de 30% de la population mongole vivent encore selon un mode de vie nomade ou semi-nomade, ce qui fait de la tradition mongole une r\u00e9alit\u00e9.<\/p>\n\t\t<\/div>\n\t\t\t\t<\/div>\n\t\t\t\t<\/article>\n\t\t\t\t<article class=\"elementor-post elementor-grid-item post-1177 post type-post status-publish format-standard hentry category-travel-guide\" role=\"listitem\">\n\t\t\t\t<a class=\"elementor-post__thumbnail__link\" href=\"https:\/\/gobi.rent\/fr\/musee-du-gobi\/\" tabindex=\"-1\">\n\t\t\t<div class=\"elementor-post__thumbnail\"><img loading=\"lazy\" decoding=\"async\" width=\"2048\" height=\"1365\" src=\"https:\/\/gobi.rent\/wp-content\/uploads\/2025\/11\/282255828_5320900924634715_8831617575810867262_n.jpg\" class=\"attachment-full size-full wp-image-1178\" alt=\"Mus\u00e9e de Gobi fossiles de dinosaures\" srcset=\"https:\/\/gobi.rent\/wp-content\/uploads\/2025\/11\/282255828_5320900924634715_8831617575810867262_n.jpg 2048w, https:\/\/gobi.rent\/wp-content\/uploads\/2025\/11\/282255828_5320900924634715_8831617575810867262_n-300x200.jpg 300w, https:\/\/gobi.rent\/wp-content\/uploads\/2025\/11\/282255828_5320900924634715_8831617575810867262_n-1024x683.jpg 1024w, https:\/\/gobi.rent\/wp-content\/uploads\/2025\/11\/282255828_5320900924634715_8831617575810867262_n-768x512.jpg 768w, https:\/\/gobi.rent\/wp-content\/uploads\/2025\/11\/282255828_5320900924634715_8831617575810867262_n-1536x1024.jpg 1536w, https:\/\/gobi.rent\/wp-content\/uploads\/2025\/11\/282255828_5320900924634715_8831617575810867262_n-18x12.jpg 18w\" sizes=\"(max-width: 2048px) 100vw, 2048px\" \/><\/div>\n\t\t<\/a>\n\t\t\t\t<div class=\"elementor-post__text\">\n\t\t\t\t<h3 class=\"elementor-post__title\">\n\t\t\t<a href=\"https:\/\/gobi.rent\/fr\/musee-du-gobi\/\">\n\t\t\t\tLe mus\u00e9e de la nature et de l'histoire de Gobi : Un mus\u00e9e incontournable dans le Gobi pour les voyageurs autonomes\t\t\t<\/a>\n\t\t<\/h3>\n\t\t\t\t<div class=\"elementor-post__excerpt\">\n\t\t\t<p>D\u00e9couvrez l'histoire vivante du d\u00e9sert de Mongolie \u00e0 Dalanzadgad Si vous explorez la vaste fronti\u00e8re m\u00e9ridionale de la Mongolie \u00e0 bord d'un v\u00e9hicule de tourisme, vous devez savoir qu'il n'y a pas d'autre moyen de transport.<\/p>\n\t\t<\/div>\n\t\t\t\t<\/div>\n\t\t\t\t<\/article>\n\t\t\t\t<article class=\"elementor-post elementor-grid-item post-883 post type-post status-publish format-standard hentry category-travel-guide\" role=\"listitem\">\n\t\t\t\t<a class=\"elementor-post__thumbnail__link\" href=\"https:\/\/gobi.rent\/fr\/qui-devrait-ou-ne-devrait-pas-conduire-jusquau-gobi\/\" tabindex=\"-1\">\n\t\t\t<div class=\"elementor-post__thumbnail\"><img loading=\"lazy\" decoding=\"async\" width=\"1600\" height=\"1067\" src=\"https:\/\/gobi.rent\/wp-content\/uploads\/2025\/11\/Landcruiser-250-interior.webp\" class=\"attachment-full size-full wp-image-1176\" alt=\"La r\u00e9gion de Gobi est-elle dangereuse ?\" srcset=\"https:\/\/gobi.rent\/wp-content\/uploads\/2025\/11\/Landcruiser-250-interior.webp 1600w, https:\/\/gobi.rent\/wp-content\/uploads\/2025\/11\/Landcruiser-250-interior-300x200.webp 300w, https:\/\/gobi.rent\/wp-content\/uploads\/2025\/11\/Landcruiser-250-interior-1024x683.webp 1024w, https:\/\/gobi.rent\/wp-content\/uploads\/2025\/11\/Landcruiser-250-interior-768x512.webp 768w, https:\/\/gobi.rent\/wp-content\/uploads\/2025\/11\/Landcruiser-250-interior-1536x1024.webp 1536w, https:\/\/gobi.rent\/wp-content\/uploads\/2025\/11\/Landcruiser-250-interior-18x12.webp 18w\" sizes=\"(max-width: 1600px) 100vw, 1600px\" \/><\/div>\n\t\t<\/a>\n\t\t\t\t<div class=\"elementor-post__text\">\n\t\t\t\t<h3 class=\"elementor-post__title\">\n\t\t\t<a href=\"https:\/\/gobi.rent\/fr\/qui-devrait-ou-ne-devrait-pas-conduire-jusquau-gobi\/\">\n\t\t\t\tQui devrait ou ne devrait pas se rendre \u00e0 Gobi en voiture ?\t\t\t<\/a>\n\t\t<\/h3>\n\t\t\t\t<div class=\"elementor-post__excerpt\">\n\t\t\t<p>Vous perdrez-vous dans le Gobi ? Si vous interrogez Internet, vous obtiendrez toutes sortes de r\u00e9ponses.<\/p>\n\t\t<\/div>\n\t\t\t\t<\/div>\n\t\t\t\t<\/article>\n\t\t\t\t<\/div>\n\t\t\n\t\t\t\t<div class=\"e-load-more-anchor\" data-page=\"1\" data-max-page=\"5\" data-next-page=\"https:\/\/gobi.rent\/wp-json\/wp\/v2\/pages\/183\/page\/2\/\"><\/div>\n\t\t\t\t<nav class=\"elementor-pagination\" aria-label=\"Pagination\">\n\t\t\t<span class=\"page-numbers prev\">\u00ab Previous<\/span>\n<span aria-current=\"page\" class=\"page-numbers current\"><span class=\"elementor-screen-only\">Page<\/span>1<\/span>\n<a class=\"page-numbers\" href=\"https:\/\/gobi.rent\/wp-json\/wp\/v2\/pages\/183\/page\/2\/\"><span class=\"elementor-screen-only\">Page<\/span>2<\/a>\n<a class=\"page-numbers\" href=\"https:\/\/gobi.rent\/wp-json\/wp\/v2\/pages\/183\/page\/3\/\"><span class=\"elementor-screen-only\">Page<\/span>3<\/a>\n<a class=\"page-numbers next\" href=\"https:\/\/gobi.rent\/wp-json\/wp\/v2\/pages\/183\/page\/2\/\">Next \u00bb<\/a>\t\t<\/nav>\n\t\t\t\t\t\t<\/div>\n\t\t\t\t<\/div>\n\t\t\t\t\t<\/div>\n\t\t\t\t<\/div>\n\t\t<div class=\"elementor-element elementor-element-b260a25 e-flex e-con-boxed e-con e-parent\" data-id=\"b260a25\" data-element_type=\"container\" data-e-type=\"container\">\n\t\t\t\t\t<div class=\"e-con-inner\">\n\t\t\t\t<div class=\"elementor-element elementor-element-f54795d elementor-widget elementor-widget-text-editor\" data-id=\"f54795d\" data-element_type=\"widget\" data-e-type=\"widget\" data-widget_type=\"text-editor.default\">\n\t\t\t\t<div class=\"elementor-widget-container\">\n\t\t\t\t\t\t\t\t\t<p>Visiter <a href=\"https:\/\/gobi.rent\/fr\/\">Gobi Rent<\/a> pour <a href=\"https:\/\/en.wikipedia.org\/wiki\/Mongolia\" target=\"_blank\" rel=\"noopener\">Mongolie<\/a> Circuit en voiture<\/p>\t\t\t\t\t\t\t\t<\/div>\n\t\t\t\t<\/div>\n\t\t\t\t\t<\/div>\n\t\t\t\t<\/div>\n\t\t\t\t<\/div>","protected":false},"excerpt":{"rendered":"<p>Our Blog Visit Gobi Rent for Mongolia Self Drive Tour<\/p>","protected":false},"author":2,"featured_media":0,"parent":0,"menu_order":0,"comment_status":"closed","ping_status":"closed","template":"","meta":{"footnotes":""},"class_list":["post-183","page","type-page","status-publish","hentry"],"_links":{"self":[{"href":"https:\/\/gobi.rent\/fr\/wp-json\/wp\/v2\/pages\/183","targetHints":{"allow":["GET"]}}],"collection":[{"href":"https:\/\/gobi.rent\/fr\/wp-json\/wp\/v2\/pages"}],"about":[{"href":"https:\/\/gobi.rent\/fr\/wp-json\/wp\/v2\/types\/page"}],"author":[{"embeddable":true,"href":"https:\/\/gobi.rent\/fr\/wp-json\/wp\/v2\/users\/2"}],"replies":[{"embeddable":true,"href":"https:\/\/gobi.rent\/fr\/wp-json\/wp\/v2\/comments?post=183"}],"version-history":[{"count":21,"href":"https:\/\/gobi.rent\/fr\/wp-json\/wp\/v2\/pages\/183\/revisions"}],"predecessor-version":[{"id":1102,"href":"https:\/\/gobi.rent\/fr\/wp-json\/wp\/v2\/pages\/183\/revisions\/1102"}],"wp:attachment":[{"href":"https:\/\/gobi.rent\/fr\/wp-json\/wp\/v2\/media?parent=183"}],"curies":[{"name":"wp","href":"https:\/\/api.w.org\/{rel}","templated":true}]}}