{"id":183,"date":"2025-04-17T11:04:41","date_gmt":"2025-04-17T11:04:41","guid":{"rendered":"https:\/\/lightpink-hornet-302504.hostingersite.com\/?page_id=183"},"modified":"2025-11-01T10:31:56","modified_gmt":"2025-11-01T10:31:56","slug":"blog","status":"publish","type":"page","link":"https:\/\/gobi.rent\/es\/blog\/","title":{"rendered":"Blog"},"content":{"rendered":"<div data-elementor-type=\"wp-page\" data-elementor-id=\"183\" class=\"elementor elementor-183\" data-elementor-post-type=\"page\">\n\t\t\t\t<div class=\"elementor-element elementor-element-e8ca1b1 e-flex e-con-boxed e-con e-parent\" data-id=\"e8ca1b1\" data-element_type=\"container\" data-e-type=\"container\" data-settings=\"{&quot;background_background&quot;:&quot;classic&quot;}\">\n\t\t\t\t\t<div class=\"e-con-inner\">\n\t\t\t\t\t<\/div>\n\t\t\t\t<\/div>\n\t\t<div class=\"elementor-element elementor-element-90feb73 e-flex e-con-boxed e-con e-parent\" data-id=\"90feb73\" data-element_type=\"container\" data-e-type=\"container\" data-settings=\"{&quot;background_background&quot;:&quot;classic&quot;}\">\n\t\t\t\t\t<div class=\"e-con-inner\">\n\t\t\t\t<div class=\"elementor-element elementor-element-d782c31 elementor-widget elementor-widget-heading\" data-id=\"d782c31\" data-element_type=\"widget\" data-e-type=\"widget\" data-widget_type=\"heading.default\">\n\t\t\t\t<div class=\"elementor-widget-container\">\n\t\t\t\t\t<h2 class=\"elementor-heading-title elementor-size-default\">Our Blog<\/h2>\t\t\t\t<\/div>\n\t\t\t\t<\/div>\n\t\t\t\t\t<\/div>\n\t\t\t\t<\/div>\n\t\t<div class=\"elementor-element elementor-element-fd81f3b e-flex e-con-boxed e-con e-parent\" data-id=\"fd81f3b\" data-element_type=\"container\" data-e-type=\"container\">\n\t\t\t\t\t<div class=\"e-con-inner\">\n\t\t\t\t<div class=\"elementor-element elementor-element-d0170e0 elementor-grid-3 elementor-grid-tablet-2 elementor-grid-mobile-1 elementor-posts--thumbnail-top elementor-widget elementor-widget-posts\" data-id=\"d0170e0\" data-element_type=\"widget\" data-e-type=\"widget\" data-settings=\"{&quot;pagination_type&quot;:&quot;numbers_and_prev_next&quot;,&quot;classic_columns&quot;:&quot;3&quot;,&quot;classic_columns_tablet&quot;:&quot;2&quot;,&quot;classic_columns_mobile&quot;:&quot;1&quot;,&quot;classic_row_gap&quot;:{&quot;unit&quot;:&quot;px&quot;,&quot;size&quot;:35,&quot;sizes&quot;:[]},&quot;classic_row_gap_tablet&quot;:{&quot;unit&quot;:&quot;px&quot;,&quot;size&quot;:&quot;&quot;,&quot;sizes&quot;:[]},&quot;classic_row_gap_mobile&quot;:{&quot;unit&quot;:&quot;px&quot;,&quot;size&quot;:&quot;&quot;,&quot;sizes&quot;:[]}}\" data-widget_type=\"posts.classic\">\n\t\t\t\t<div class=\"elementor-widget-container\">\n\t\t\t\t\t\t\t<div class=\"elementor-posts-container elementor-posts elementor-posts--skin-classic elementor-grid\" role=\"list\">\n\t\t\t\t<article class=\"elementor-post elementor-grid-item post-1222 post type-post status-publish format-standard hentry category-travel-guide tag-gobi tag-private-tour tag-self-drive\" role=\"listitem\">\n\t\t\t\t<a class=\"elementor-post__thumbnail__link\" href=\"https:\/\/gobi.rent\/es\/desierto-de-gobi-retos-fisicos-de-asia\/\" tabindex=\"-1\">\n\t\t\t<div class=\"elementor-post__thumbnail\"><img fetchpriority=\"high\" decoding=\"async\" width=\"640\" height=\"480\" src=\"https:\/\/gobi.rent\/wp-content\/uploads\/2025\/11\/sddefault.jpg\" class=\"attachment-full size-full wp-image-1223\" alt=\"F\u00edsica: Asia team Mongolia \u00bfte dan ganas de viajar a Mongolia?\" srcset=\"https:\/\/gobi.rent\/wp-content\/uploads\/2025\/11\/sddefault.jpg 640w, https:\/\/gobi.rent\/wp-content\/uploads\/2025\/11\/sddefault-300x225.jpg 300w, https:\/\/gobi.rent\/wp-content\/uploads\/2025\/11\/sddefault-16x12.jpg 16w\" sizes=\"(max-width: 640px) 100vw, 640px\" \/><\/div>\n\t\t<\/a>\n\t\t\t\t<div class=\"elementor-post__text\">\n\t\t\t\t<h3 class=\"elementor-post__title\">\n\t\t\t<a href=\"https:\/\/gobi.rent\/es\/desierto-de-gobi-retos-fisicos-de-asia\/\">\n\t\t\t\t5 desaf\u00edos f\u00edsicos en el desierto de Gobi que parecen sacados directamente de la f\u00edsica: Asia\t\t\t<\/a>\n\t\t<\/h3>\n\t\t\t\t<div class=\"elementor-post__excerpt\">\n\t\t\t<p>La sensaci\u00f3n de Netflix, Physical: Asia ha cautivado a espectadores de todo el mundo mostrando agotadores desaf\u00edos f\u00edsicos, pruebas de resistencia y<\/p>\n\t\t<\/div>\n\t\t\t\t<\/div>\n\t\t\t\t<\/article>\n\t\t\t\t<article class=\"elementor-post elementor-grid-item post-1215 post type-post status-publish format-standard hentry category-travel-guide\" role=\"listitem\">\n\t\t\t\t<a class=\"elementor-post__thumbnail__link\" href=\"https:\/\/gobi.rent\/es\/asia-fisica-mongolia-aventura\/\" tabindex=\"-1\">\n\t\t\t<div class=\"elementor-post__thumbnail\"><img decoding=\"async\" width=\"1920\" height=\"1280\" src=\"https:\/\/gobi.rent\/wp-content\/uploads\/2025\/11\/nomad-8213069_1920.jpg\" class=\"attachment-full size-full wp-image-1217\" alt=\"El Gobi, hogar de mongoles fuertes\" srcset=\"https:\/\/gobi.rent\/wp-content\/uploads\/2025\/11\/nomad-8213069_1920.jpg 1920w, https:\/\/gobi.rent\/wp-content\/uploads\/2025\/11\/nomad-8213069_1920-300x200.jpg 300w, https:\/\/gobi.rent\/wp-content\/uploads\/2025\/11\/nomad-8213069_1920-1024x683.jpg 1024w, https:\/\/gobi.rent\/wp-content\/uploads\/2025\/11\/nomad-8213069_1920-768x512.jpg 768w, https:\/\/gobi.rent\/wp-content\/uploads\/2025\/11\/nomad-8213069_1920-1536x1024.jpg 1536w, https:\/\/gobi.rent\/wp-content\/uploads\/2025\/11\/nomad-8213069_1920-18x12.jpg 18w\" sizes=\"(max-width: 1920px) 100vw, 1920px\" \/><\/div>\n\t\t<\/a>\n\t\t\t\t<div class=\"elementor-post__text\">\n\t\t\t\t<h3 class=\"elementor-post__title\">\n\t\t\t<a href=\"https:\/\/gobi.rent\/es\/asia-fisica-mongolia-aventura\/\">\n\t\t\t\tQu\u00e9 f\u00edsico: Asia capta el esp\u00edritu de aventura - y por qu\u00e9 Mongolia es el escenario de la vida real\t\t\t<\/a>\n\t\t<\/h3>\n\t\t\t\t<div class=\"elementor-post__excerpt\">\n\t\t\t<p>En los \u00faltimos a\u00f1os, Netflix ha revolucionado los reality shows de competici\u00f3n, superando los l\u00edmites de la resistencia humana.<\/p>\n\t\t<\/div>\n\t\t\t\t<\/div>\n\t\t\t\t<\/article>\n\t\t\t\t<article class=\"elementor-post elementor-grid-item post-1210 post type-post status-publish format-standard hentry category-travel-guide\" role=\"listitem\">\n\t\t\t\t<a class=\"elementor-post__thumbnail__link\" href=\"https:\/\/gobi.rent\/es\/restaurantes-de-comida-mongola\/\" tabindex=\"-1\">\n\t\t\t<div class=\"elementor-post__thumbnail\"><img decoding=\"async\" width=\"2048\" height=\"1366\" src=\"https:\/\/gobi.rent\/wp-content\/uploads\/2025\/11\/Best-Mongolian-Restaurants.jpg\" class=\"attachment-full size-full wp-image-1211\" alt=\"Los mejores restaurantes mongoles\" srcset=\"https:\/\/gobi.rent\/wp-content\/uploads\/2025\/11\/Best-Mongolian-Restaurants.jpg 2048w, https:\/\/gobi.rent\/wp-content\/uploads\/2025\/11\/Best-Mongolian-Restaurants-300x200.jpg 300w, https:\/\/gobi.rent\/wp-content\/uploads\/2025\/11\/Best-Mongolian-Restaurants-1024x683.jpg 1024w, https:\/\/gobi.rent\/wp-content\/uploads\/2025\/11\/Best-Mongolian-Restaurants-768x512.jpg 768w, https:\/\/gobi.rent\/wp-content\/uploads\/2025\/11\/Best-Mongolian-Restaurants-1536x1025.jpg 1536w, https:\/\/gobi.rent\/wp-content\/uploads\/2025\/11\/Best-Mongolian-Restaurants-18x12.jpg 18w\" sizes=\"(max-width: 2048px) 100vw, 2048px\" \/><\/div>\n\t\t<\/a>\n\t\t\t\t<div class=\"elementor-post__text\">\n\t\t\t\t<h3 class=\"elementor-post__title\">\n\t\t\t<a href=\"https:\/\/gobi.rent\/es\/restaurantes-de-comida-mongola\/\">\n\t\t\t\tLos 10 mejores restaurantes de comida mongola en Ul\u00e1n Bator y alrededores\t\t\t<\/a>\n\t\t<\/h3>\n\t\t\t\t<div class=\"elementor-post__excerpt\">\n\t\t\t<p>Introducci\u00f3n: Un viaje culinario por Mongolia Ning\u00fan viaje por carretera a trav\u00e9s de Mongolia est\u00e1 completo sin adentrarse en<\/p>\n\t\t<\/div>\n\t\t\t\t<\/div>\n\t\t\t\t<\/article>\n\t\t\t\t<article class=\"elementor-post elementor-grid-item post-1201 post type-post status-publish format-standard hentry category-travel-guide\" role=\"listitem\">\n\t\t\t\t<a class=\"elementor-post__thumbnail__link\" href=\"https:\/\/gobi.rent\/es\/guia-de-cocina-mongola\/\" tabindex=\"-1\">\n\t\t\t<div class=\"elementor-post__thumbnail\"><img loading=\"lazy\" decoding=\"async\" width=\"2000\" height=\"1500\" src=\"https:\/\/gobi.rent\/wp-content\/uploads\/2025\/11\/tuguldur-baatar-FWFHxrn5OGA-unsplash-1.jpg\" class=\"attachment-full size-full wp-image-1203\" alt=\"Cocina mongola\" srcset=\"https:\/\/gobi.rent\/wp-content\/uploads\/2025\/11\/tuguldur-baatar-FWFHxrn5OGA-unsplash-1.jpg 2000w, https:\/\/gobi.rent\/wp-content\/uploads\/2025\/11\/tuguldur-baatar-FWFHxrn5OGA-unsplash-1-300x225.jpg 300w, https:\/\/gobi.rent\/wp-content\/uploads\/2025\/11\/tuguldur-baatar-FWFHxrn5OGA-unsplash-1-1024x768.jpg 1024w, https:\/\/gobi.rent\/wp-content\/uploads\/2025\/11\/tuguldur-baatar-FWFHxrn5OGA-unsplash-1-768x576.jpg 768w, https:\/\/gobi.rent\/wp-content\/uploads\/2025\/11\/tuguldur-baatar-FWFHxrn5OGA-unsplash-1-1536x1152.jpg 1536w, https:\/\/gobi.rent\/wp-content\/uploads\/2025\/11\/tuguldur-baatar-FWFHxrn5OGA-unsplash-1-16x12.jpg 16w\" sizes=\"(max-width: 2000px) 100vw, 2000px\" \/><\/div>\n\t\t<\/a>\n\t\t\t\t<div class=\"elementor-post__text\">\n\t\t\t\t<h3 class=\"elementor-post__title\">\n\t\t\t<a href=\"https:\/\/gobi.rent\/es\/guia-de-cocina-mongola\/\">\n\t\t\t\tEl sabor de la estepa: descubra la aut\u00e9ntica cocina mongola en su viaje por carretera\t\t\t<\/a>\n\t\t<\/h3>\n\t\t\t\t<div class=\"elementor-post__excerpt\">\n\t\t\t<p>M\u00e1s de 30% de la poblaci\u00f3n de Mongolia sigue viviendo un estilo de vida n\u00f3mada o semin\u00f3mada, lo que hace que la tradici\u00f3n mongola<\/p>\n\t\t<\/div>\n\t\t\t\t<\/div>\n\t\t\t\t<\/article>\n\t\t\t\t<article class=\"elementor-post elementor-grid-item post-1177 post type-post status-publish format-standard hentry category-travel-guide\" role=\"listitem\">\n\t\t\t\t<a class=\"elementor-post__thumbnail__link\" href=\"https:\/\/gobi.rent\/es\/museo-del-gobi\/\" tabindex=\"-1\">\n\t\t\t<div class=\"elementor-post__thumbnail\"><img loading=\"lazy\" decoding=\"async\" width=\"2048\" height=\"1365\" src=\"https:\/\/gobi.rent\/wp-content\/uploads\/2025\/11\/282255828_5320900924634715_8831617575810867262_n.jpg\" class=\"attachment-full size-full wp-image-1178\" alt=\"F\u00f3siles de dinosaurio en el museo de Gobi\" srcset=\"https:\/\/gobi.rent\/wp-content\/uploads\/2025\/11\/282255828_5320900924634715_8831617575810867262_n.jpg 2048w, https:\/\/gobi.rent\/wp-content\/uploads\/2025\/11\/282255828_5320900924634715_8831617575810867262_n-300x200.jpg 300w, https:\/\/gobi.rent\/wp-content\/uploads\/2025\/11\/282255828_5320900924634715_8831617575810867262_n-1024x683.jpg 1024w, https:\/\/gobi.rent\/wp-content\/uploads\/2025\/11\/282255828_5320900924634715_8831617575810867262_n-768x512.jpg 768w, https:\/\/gobi.rent\/wp-content\/uploads\/2025\/11\/282255828_5320900924634715_8831617575810867262_n-1536x1024.jpg 1536w, https:\/\/gobi.rent\/wp-content\/uploads\/2025\/11\/282255828_5320900924634715_8831617575810867262_n-18x12.jpg 18w\" sizes=\"(max-width: 2048px) 100vw, 2048px\" \/><\/div>\n\t\t<\/a>\n\t\t\t\t<div class=\"elementor-post__text\">\n\t\t\t\t<h3 class=\"elementor-post__title\">\n\t\t\t<a href=\"https:\/\/gobi.rent\/es\/museo-del-gobi\/\">\n\t\t\t\tMuseo de la Naturaleza y la Historia del Gobi: Un museo de visita obligada en el Gobi para los autocaravanistas\t\t\t<\/a>\n\t\t<\/h3>\n\t\t\t\t<div class=\"elementor-post__excerpt\">\n\t\t\t<p>Descubra la historia viva del desierto de Mongolia en Dalanzadgad Si est\u00e1 explorando la vasta frontera meridional de Mongolia por<\/p>\n\t\t<\/div>\n\t\t\t\t<\/div>\n\t\t\t\t<\/article>\n\t\t\t\t<article class=\"elementor-post elementor-grid-item post-883 post type-post status-publish format-standard hentry category-travel-guide\" role=\"listitem\">\n\t\t\t\t<a class=\"elementor-post__thumbnail__link\" href=\"https:\/\/gobi.rent\/es\/quien-debe-y-quien-no-debe-conducir-hasta-el-gobi\/\" tabindex=\"-1\">\n\t\t\t<div class=\"elementor-post__thumbnail\"><img loading=\"lazy\" decoding=\"async\" width=\"1600\" height=\"1067\" src=\"https:\/\/gobi.rent\/wp-content\/uploads\/2025\/11\/Landcruiser-250-interior.webp\" class=\"attachment-full size-full wp-image-1176\" alt=\"\u00bfes peligroso viajar al Gobi?\" srcset=\"https:\/\/gobi.rent\/wp-content\/uploads\/2025\/11\/Landcruiser-250-interior.webp 1600w, https:\/\/gobi.rent\/wp-content\/uploads\/2025\/11\/Landcruiser-250-interior-300x200.webp 300w, https:\/\/gobi.rent\/wp-content\/uploads\/2025\/11\/Landcruiser-250-interior-1024x683.webp 1024w, https:\/\/gobi.rent\/wp-content\/uploads\/2025\/11\/Landcruiser-250-interior-768x512.webp 768w, https:\/\/gobi.rent\/wp-content\/uploads\/2025\/11\/Landcruiser-250-interior-1536x1024.webp 1536w, https:\/\/gobi.rent\/wp-content\/uploads\/2025\/11\/Landcruiser-250-interior-18x12.webp 18w\" sizes=\"(max-width: 1600px) 100vw, 1600px\" \/><\/div>\n\t\t<\/a>\n\t\t\t\t<div class=\"elementor-post__text\">\n\t\t\t\t<h3 class=\"elementor-post__title\">\n\t\t\t<a href=\"https:\/\/gobi.rent\/es\/quien-debe-y-quien-no-debe-conducir-hasta-el-gobi\/\">\n\t\t\t\tQui\u00e9n debe y qui\u00e9n no debe conducir hasta el Gobi\t\t\t<\/a>\n\t\t<\/h3>\n\t\t\t\t<div class=\"elementor-post__excerpt\">\n\t\t\t<p>\u00bfTe perder\u00e1s en el Gobi? Si preguntas en Internet todo tipo de<\/p>\n\t\t<\/div>\n\t\t\t\t<\/div>\n\t\t\t\t<\/article>\n\t\t\t\t<\/div>\n\t\t\n\t\t\t\t<div class=\"e-load-more-anchor\" data-page=\"1\" data-max-page=\"5\" data-next-page=\"https:\/\/gobi.rent\/wp-json\/wp\/v2\/pages\/183\/page\/2\/\"><\/div>\n\t\t\t\t<nav class=\"elementor-pagination\" aria-label=\"Pagination\">\n\t\t\t<span class=\"page-numbers prev\">\u00ab Previous<\/span>\n<span aria-current=\"page\" class=\"page-numbers current\"><span class=\"elementor-screen-only\">Page<\/span>1<\/span>\n<a class=\"page-numbers\" href=\"https:\/\/gobi.rent\/wp-json\/wp\/v2\/pages\/183\/page\/2\/\"><span class=\"elementor-screen-only\">Page<\/span>2<\/a>\n<a class=\"page-numbers\" href=\"https:\/\/gobi.rent\/wp-json\/wp\/v2\/pages\/183\/page\/3\/\"><span class=\"elementor-screen-only\">Page<\/span>3<\/a>\n<a class=\"page-numbers next\" href=\"https:\/\/gobi.rent\/wp-json\/wp\/v2\/pages\/183\/page\/2\/\">Next \u00bb<\/a>\t\t<\/nav>\n\t\t\t\t\t\t<\/div>\n\t\t\t\t<\/div>\n\t\t\t\t\t<\/div>\n\t\t\t\t<\/div>\n\t\t<div class=\"elementor-element elementor-element-b260a25 e-flex e-con-boxed e-con e-parent\" data-id=\"b260a25\" data-element_type=\"container\" data-e-type=\"container\">\n\t\t\t\t\t<div class=\"e-con-inner\">\n\t\t\t\t<div class=\"elementor-element elementor-element-f54795d elementor-widget elementor-widget-text-editor\" data-id=\"f54795d\" data-element_type=\"widget\" data-e-type=\"widget\" data-widget_type=\"text-editor.default\">\n\t\t\t\t<div class=\"elementor-widget-container\">\n\t\t\t\t\t\t\t\t\t<p>Visite <a href=\"https:\/\/gobi.rent\/es\/\">Alquiler Gobi<\/a> para <a href=\"https:\/\/en.wikipedia.org\/wiki\/Mongolia\" target=\"_blank\" rel=\"noopener\">Mongolia<\/a> Viaje en coche<\/p>\t\t\t\t\t\t\t\t<\/div>\n\t\t\t\t<\/div>\n\t\t\t\t\t<\/div>\n\t\t\t\t<\/div>\n\t\t\t\t<\/div>","protected":false},"excerpt":{"rendered":"<p>Our Blog Visit Gobi Rent for Mongolia Self Drive Tour<\/p>","protected":false},"author":2,"featured_media":0,"parent":0,"menu_order":0,"comment_status":"closed","ping_status":"closed","template":"","meta":{"footnotes":""},"class_list":["post-183","page","type-page","status-publish","hentry"],"_links":{"self":[{"href":"https:\/\/gobi.rent\/es\/wp-json\/wp\/v2\/pages\/183","targetHints":{"allow":["GET"]}}],"collection":[{"href":"https:\/\/gobi.rent\/es\/wp-json\/wp\/v2\/pages"}],"about":[{"href":"https:\/\/gobi.rent\/es\/wp-json\/wp\/v2\/types\/page"}],"author":[{"embeddable":true,"href":"https:\/\/gobi.rent\/es\/wp-json\/wp\/v2\/users\/2"}],"replies":[{"embeddable":true,"href":"https:\/\/gobi.rent\/es\/wp-json\/wp\/v2\/comments?post=183"}],"version-history":[{"count":21,"href":"https:\/\/gobi.rent\/es\/wp-json\/wp\/v2\/pages\/183\/revisions"}],"predecessor-version":[{"id":1102,"href":"https:\/\/gobi.rent\/es\/wp-json\/wp\/v2\/pages\/183\/revisions\/1102"}],"wp:attachment":[{"href":"https:\/\/gobi.rent\/es\/wp-json\/wp\/v2\/media?parent=183"}],"curies":[{"name":"wp","href":"https:\/\/api.w.org\/{rel}","templated":true}]}}